{"id":42,"date":"2020-10-26T05:01:12","date_gmt":"2020-10-26T05:01:12","guid":{"rendered":"http:\/\/agustinbasilio.mx\/?page_id=42"},"modified":"2021-10-05T16:14:44","modified_gmt":"2021-10-05T16:14:44","slug":"home","status":"publish","type":"page","link":"https:\/\/agustinbasilio.mx\/","title":{"rendered":"Inicio"},"content":{"rendered":"\n<div class=\"wp-block-group alignfull has-white-background-color has-text-color has-background\" style=\"color:#2e008b\"><div class=\"wp-block-group__inner-container is-layout-flow wp-block-group-is-layout-flow\">\n<div class=\"wp-block-columns are-vertically-aligned-center is-layout-flex wp-container-core-columns-is-layout-9d6595d7 wp-block-columns-is-layout-flex\">\n<div class=\"wp-block-column is-vertically-aligned-center is-layout-flow wp-block-column-is-layout-flow\">\n<figure class=\"wp-block-image alignfull size-large\"><img loading=\"lazy\" decoding=\"async\" width=\"638\" height=\"637\" src=\"https:\/\/agustinbasilio.mx\/wp-content\/uploads\/2021\/04\/asd-1.png\" alt=\"\" class=\"wp-image-451\" srcset=\"https:\/\/agustinbasilio.mx\/wp-content\/uploads\/2021\/04\/asd-1.png 638w, https:\/\/agustinbasilio.mx\/wp-content\/uploads\/2021\/04\/asd-1-300x300.png 300w, https:\/\/agustinbasilio.mx\/wp-content\/uploads\/2021\/04\/asd-1-150x150.png 150w\" sizes=\"auto, (max-width: 638px) 100vw, 638px\" \/><\/figure>\n<\/div>\n\n\n\n<div class=\"wp-block-column is-vertically-aligned-center is-layout-flow wp-block-column-is-layout-flow\">\n<h1 class=\"has-text-color wp-block-heading\" style=\"color:#2e008b\">Agust\u00edn Basilio de la Vega<\/h1>\n\n\n\n<h2 class=\"has-text-color wp-block-heading\" style=\"color:#2e008b\"><\/h2>\n<\/div>\n<\/div>\n\n\n\n<p><\/p>\n<\/div><\/div>\n\n\n\n<h1 class=\"has-text-align-center has-text-color wp-block-heading\" style=\"color:#2e008b\">El M\u00e9xico que queremos s\u00ed es posible<\/h1>\n\n\n\n<h2 class=\"has-text-align-center has-white-color has-luminous-vivid-amber-background-color has-text-color has-background wp-block-heading\"><a href=\"https:\/\/almacenamientopan.blob.core.windows.net\/pdfs\/estrados_electronicos\/2020\/02\/1607531593el-mexico-que.queremos-si-es-posible.pdf\" target=\"_blank\" rel=\"noreferrer noopener\" title=\"https:\/\/almacenamientopan.blob.core.windows.net\/pdfs\/estrados_electronicos\/2020\/02\/1607531593el-mexico-que.queremos-si-es-posible.pdf\"><strong>Da clic aqu\u00ed para m\u00e1s informaci\u00f3n<\/strong><\/a><\/h2>\n\n\n\n<hr class=\"wp-block-separator has-text-color has-background is-style-dots\" style=\"background-color:#2e008b;color:#2e008b\"\/>\n\n\n\n<div class=\"wp-block-group alignfull has-background\" style=\"background:linear-gradient(180deg,rgb(255,255,255) 50%,rgb(244,244,244) 100%)\"><div class=\"wp-block-group__inner-container is-layout-flow wp-block-group-is-layout-flow\">\n<div class=\"wp-block-columns alignwide are-vertically-aligned-top is-layout-flex wp-container-core-columns-is-layout-9d6595d7 wp-block-columns-is-layout-flex\">\n<div class=\"wp-block-column is-vertically-aligned-top is-layout-flow wp-block-column-is-layout-flow\">\n<h1 class=\"has-text-color wp-block-heading\" style=\"color:#2e008b\">Van 10 soluciones por M\u00e9xico:<\/h1>\n<\/div>\n\n\n\n<div class=\"wp-block-column is-vertically-aligned-top is-layout-flow wp-block-column-is-layout-flow\">\n<figure class=\"wp-block-image size-large is-resized\"><img loading=\"lazy\" decoding=\"async\" src=\"http:\/\/agustinbasilio.mx\/wp-content\/uploads\/2021\/04\/money-home-coin-2724235-1024x567.jpg\" alt=\"money, home, coin\" class=\"wp-image-500\" width=\"576\" height=\"300\"\/><\/figure>\n\n\n\n<h4 class=\"has-text-color wp-block-heading\" style=\"color:#2e008b\">1. Una econom\u00eda inclusiva con oportunidades para todas y todos.<\/h4>\n<\/div>\n<\/div>\n\n\n\n<div class=\"wp-block-columns alignwide are-vertically-aligned-top is-layout-flex wp-container-core-columns-is-layout-9d6595d7 wp-block-columns-is-layout-flex\">\n<div class=\"wp-block-column is-vertically-aligned-top is-layout-flow wp-block-column-is-layout-flow\">\n<figure class=\"wp-block-image size-full is-resized\"><img decoding=\"async\" src=\"https:\/\/agustinbasilio.mx\/wp-content\/uploads\/2021\/04\/justice-statue-dublin-626461.jpg\" alt=\"justice, statue, dublin\" class=\"wp-image-505\" height=\"300\" srcset=\"https:\/\/agustinbasilio.mx\/wp-content\/uploads\/2021\/04\/justice-statue-dublin-626461.jpg 1280w, https:\/\/agustinbasilio.mx\/wp-content\/uploads\/2021\/04\/justice-statue-dublin-626461-300x225.jpg 300w, https:\/\/agustinbasilio.mx\/wp-content\/uploads\/2021\/04\/justice-statue-dublin-626461-1024x768.jpg 1024w, https:\/\/agustinbasilio.mx\/wp-content\/uploads\/2021\/04\/justice-statue-dublin-626461-768x576.jpg 768w\" sizes=\"(max-width: 1280px) 100vw, 1280px\" \/><\/figure>\n\n\n\n<h4 class=\"has-text-color wp-block-heading\" style=\"color:#2e008b\">2. Justicia social, apoyando a la poblaci\u00f3n en pobreza y vulnerabilidad.<\/h4>\n<\/div>\n\n\n\n<div class=\"wp-block-column is-vertically-aligned-top is-layout-flow wp-block-column-is-layout-flow\">\n<figure class=\"wp-block-image size-full is-resized\"><img decoding=\"async\" src=\"https:\/\/agustinbasilio.mx\/wp-content\/uploads\/2021\/04\/watering-watering-can-man-1501209.jpg\" alt=\"watering, watering can, man\" class=\"wp-image-509\" height=\"300\" srcset=\"https:\/\/agustinbasilio.mx\/wp-content\/uploads\/2021\/04\/watering-watering-can-man-1501209.jpg 1280w, https:\/\/agustinbasilio.mx\/wp-content\/uploads\/2021\/04\/watering-watering-can-man-1501209-300x200.jpg 300w, https:\/\/agustinbasilio.mx\/wp-content\/uploads\/2021\/04\/watering-watering-can-man-1501209-1024x682.jpg 1024w, https:\/\/agustinbasilio.mx\/wp-content\/uploads\/2021\/04\/watering-watering-can-man-1501209-768x512.jpg 768w\" sizes=\"(max-width: 1280px) 100vw, 1280px\" \/><\/figure>\n\n\n\n<h4 class=\"has-text-color wp-block-heading\" style=\"color:#2e008b\">3. Rescatar del olvido a las trabajadoras y trabajadores del campo.<\/h4>\n<\/div>\n\n\n\n<div class=\"wp-block-column is-vertically-aligned-top is-layout-flow wp-block-column-is-layout-flow\">\n<figure class=\"wp-block-image size-full is-resized\"><img decoding=\"async\" src=\"https:\/\/agustinbasilio.mx\/wp-content\/uploads\/2021\/04\/euro-1144835_1280.jpg\" alt=\"\" class=\"wp-image-539\" height=\"300\" srcset=\"https:\/\/agustinbasilio.mx\/wp-content\/uploads\/2021\/04\/euro-1144835_1280.jpg 1280w, https:\/\/agustinbasilio.mx\/wp-content\/uploads\/2021\/04\/euro-1144835_1280-300x200.jpg 300w, https:\/\/agustinbasilio.mx\/wp-content\/uploads\/2021\/04\/euro-1144835_1280-1024x682.jpg 1024w, https:\/\/agustinbasilio.mx\/wp-content\/uploads\/2021\/04\/euro-1144835_1280-768x511.jpg 768w\" sizes=\"(max-width: 1280px) 100vw, 1280px\" \/><\/figure>\n\n\n\n<h4 class=\"has-text-color wp-block-heading\" style=\"color:#2e008b\">4. Desterrar la corrupci\u00f3n.<\/h4>\n<\/div>\n<\/div>\n\n\n\n<div class=\"wp-block-columns alignwide are-vertically-aligned-top is-layout-flex wp-container-core-columns-is-layout-9d6595d7 wp-block-columns-is-layout-flex\">\n<div class=\"wp-block-column is-vertically-aligned-top is-layout-flow wp-block-column-is-layout-flow\">\n<figure class=\"wp-block-image size-full is-resized\"><img decoding=\"async\" src=\"https:\/\/agustinbasilio.mx\/wp-content\/uploads\/2021\/04\/car-police-cars-caravan-1531277.jpg\" alt=\"car, police cars, caravan\" class=\"wp-image-517\" height=\"300\" srcset=\"https:\/\/agustinbasilio.mx\/wp-content\/uploads\/2021\/04\/car-police-cars-caravan-1531277.jpg 1280w, https:\/\/agustinbasilio.mx\/wp-content\/uploads\/2021\/04\/car-police-cars-caravan-1531277-300x200.jpg 300w, https:\/\/agustinbasilio.mx\/wp-content\/uploads\/2021\/04\/car-police-cars-caravan-1531277-1024x683.jpg 1024w, https:\/\/agustinbasilio.mx\/wp-content\/uploads\/2021\/04\/car-police-cars-caravan-1531277-768x512.jpg 768w\" sizes=\"(max-width: 1280px) 100vw, 1280px\" \/><\/figure>\n\n\n\n<h4 class=\"has-text-color wp-block-heading\" style=\"color:#2e008b\">5. Recuperar nuestra seguridad.<\/h4>\n<\/div>\n\n\n\n<div class=\"wp-block-column is-vertically-aligned-top is-layout-flow wp-block-column-is-layout-flow\">\n<figure class=\"wp-block-image size-full is-resized\"><img decoding=\"async\" src=\"https:\/\/agustinbasilio.mx\/wp-content\/uploads\/2021\/04\/stethoscope-doctor-medical-1584223.jpg\" alt=\"stethoscope, doctor, medical\" class=\"wp-image-518\" height=\"300\" srcset=\"https:\/\/agustinbasilio.mx\/wp-content\/uploads\/2021\/04\/stethoscope-doctor-medical-1584223.jpg 1280w, https:\/\/agustinbasilio.mx\/wp-content\/uploads\/2021\/04\/stethoscope-doctor-medical-1584223-300x225.jpg 300w, https:\/\/agustinbasilio.mx\/wp-content\/uploads\/2021\/04\/stethoscope-doctor-medical-1584223-1024x768.jpg 1024w, https:\/\/agustinbasilio.mx\/wp-content\/uploads\/2021\/04\/stethoscope-doctor-medical-1584223-768x576.jpg 768w\" sizes=\"(max-width: 1280px) 100vw, 1280px\" \/><\/figure>\n\n\n\n<h4 class=\"has-text-color wp-block-heading\" style=\"color:#2e008b\">6. Proteger la salud de todas y todos.<\/h4>\n<\/div>\n\n\n\n<div class=\"wp-block-column is-vertically-aligned-top is-layout-flow wp-block-column-is-layout-flow\">\n<figure class=\"wp-block-image size-full is-resized\"><img decoding=\"async\" src=\"https:\/\/agustinbasilio.mx\/wp-content\/uploads\/2021\/04\/lecture-instructor-classroom-3986809.jpg\" alt=\"lecture, instructor, classroom\" class=\"wp-image-519\" height=\"300\" srcset=\"https:\/\/agustinbasilio.mx\/wp-content\/uploads\/2021\/04\/lecture-instructor-classroom-3986809.jpg 1280w, https:\/\/agustinbasilio.mx\/wp-content\/uploads\/2021\/04\/lecture-instructor-classroom-3986809-300x200.jpg 300w, https:\/\/agustinbasilio.mx\/wp-content\/uploads\/2021\/04\/lecture-instructor-classroom-3986809-1024x682.jpg 1024w, https:\/\/agustinbasilio.mx\/wp-content\/uploads\/2021\/04\/lecture-instructor-classroom-3986809-768x512.jpg 768w\" sizes=\"(max-width: 1280px) 100vw, 1280px\" \/><\/figure>\n\n\n\n<h4 class=\"has-text-color wp-block-heading\" style=\"color:#2e008b\">7. Una educaci\u00f3n de calidad para nuestras ni\u00f1as, ni\u00f1os y j\u00f3venes.<\/h4>\n<\/div>\n<\/div>\n\n\n\n<div class=\"wp-block-columns alignwide are-vertically-aligned-top is-layout-flex wp-container-core-columns-is-layout-9d6595d7 wp-block-columns-is-layout-flex\">\n<div class=\"wp-block-column is-vertically-aligned-top is-layout-flow wp-block-column-is-layout-flow\">\n<figure class=\"wp-block-image size-full is-resized\"><img decoding=\"async\" src=\"https:\/\/agustinbasilio.mx\/wp-content\/uploads\/2021\/04\/industrial-security-logistic-1636397.jpg\" alt=\"industrial, security, logistic\" class=\"wp-image-521\" height=\"300\" srcset=\"https:\/\/agustinbasilio.mx\/wp-content\/uploads\/2021\/04\/industrial-security-logistic-1636397.jpg 1280w, https:\/\/agustinbasilio.mx\/wp-content\/uploads\/2021\/04\/industrial-security-logistic-1636397-300x201.jpg 300w, https:\/\/agustinbasilio.mx\/wp-content\/uploads\/2021\/04\/industrial-security-logistic-1636397-1024x685.jpg 1024w, https:\/\/agustinbasilio.mx\/wp-content\/uploads\/2021\/04\/industrial-security-logistic-1636397-768x514.jpg 768w\" sizes=\"(max-width: 1280px) 100vw, 1280px\" \/><\/figure>\n\n\n\n<h4 class=\"has-text-color wp-block-heading\" style=\"color:#2e008b\">8. Seguridad e igualdad para las mujeres.<\/h4>\n<\/div>\n\n\n\n<div class=\"wp-block-column is-vertically-aligned-top is-layout-flow wp-block-column-is-layout-flow\">\n<figure class=\"wp-block-image size-full is-resized\"><img decoding=\"async\" src=\"https:\/\/agustinbasilio.mx\/wp-content\/uploads\/2021\/04\/coast-wind-turbine-sea-3970121.jpg\" alt=\"coast, wind turbine, sea\" class=\"wp-image-523\" height=\"300\" srcset=\"https:\/\/agustinbasilio.mx\/wp-content\/uploads\/2021\/04\/coast-wind-turbine-sea-3970121.jpg 1280w, https:\/\/agustinbasilio.mx\/wp-content\/uploads\/2021\/04\/coast-wind-turbine-sea-3970121-300x199.jpg 300w, https:\/\/agustinbasilio.mx\/wp-content\/uploads\/2021\/04\/coast-wind-turbine-sea-3970121-1024x681.jpg 1024w, https:\/\/agustinbasilio.mx\/wp-content\/uploads\/2021\/04\/coast-wind-turbine-sea-3970121-768x511.jpg 768w\" sizes=\"(max-width: 1280px) 100vw, 1280px\" \/><\/figure>\n\n\n\n<h4 class=\"has-text-color wp-block-heading\" style=\"color:#2e008b\">9. Protecci\u00f3n y aprovechamiento responsable del medio ambiente.<\/h4>\n<\/div>\n\n\n\n<div class=\"wp-block-column is-vertically-aligned-top is-layout-flow wp-block-column-is-layout-flow\">\n<figure class=\"wp-block-image size-full is-resized\"><img decoding=\"async\" src=\"https:\/\/agustinbasilio.mx\/wp-content\/uploads\/2021\/04\/voting-ballot-vote-4748918.jpg\" alt=\"voting, ballot, vote\" class=\"wp-image-525\" height=\"300\" srcset=\"https:\/\/agustinbasilio.mx\/wp-content\/uploads\/2021\/04\/voting-ballot-vote-4748918.jpg 1280w, https:\/\/agustinbasilio.mx\/wp-content\/uploads\/2021\/04\/voting-ballot-vote-4748918-300x198.jpg 300w, https:\/\/agustinbasilio.mx\/wp-content\/uploads\/2021\/04\/voting-ballot-vote-4748918-1024x675.jpg 1024w, https:\/\/agustinbasilio.mx\/wp-content\/uploads\/2021\/04\/voting-ballot-vote-4748918-768x506.jpg 768w\" sizes=\"(max-width: 1280px) 100vw, 1280px\" \/><\/figure>\n\n\n\n<h4 class=\"has-text-color wp-block-heading\" style=\"color:#2e008b\">10. Restituir la democracia.<\/h4>\n<\/div>\n<\/div>\n<\/div><\/div>\n\n\n\n<hr class=\"wp-block-separator is-style-wide\"\/>\n\n\n\n<div class=\"wp-block-image\"><figure class=\"aligncenter size-large\"><img loading=\"lazy\" decoding=\"async\" width=\"1024\" height=\"341\" src=\"http:\/\/agustinbasilio.mx\/wp-content\/uploads\/2021\/10\/IMG_20211004_161031_799-1024x341.jpg\" alt=\"\" class=\"wp-image-694\" srcset=\"https:\/\/agustinbasilio.mx\/wp-content\/uploads\/2021\/10\/IMG_20211004_161031_799-1024x341.jpg 1024w, https:\/\/agustinbasilio.mx\/wp-content\/uploads\/2021\/10\/IMG_20211004_161031_799-300x100.jpg 300w, https:\/\/agustinbasilio.mx\/wp-content\/uploads\/2021\/10\/IMG_20211004_161031_799-768x256.jpg 768w, https:\/\/agustinbasilio.mx\/wp-content\/uploads\/2021\/10\/IMG_20211004_161031_799.jpg 1080w\" sizes=\"auto, (max-width: 1024px) 100vw, 1024px\" \/><\/figure><\/div>\n\n\n\n<hr class=\"wp-block-separator\"\/>\n\n\n\n<div class=\"wp-block-image\"><figure class=\"aligncenter size-full\"><img loading=\"lazy\" decoding=\"async\" width=\"540\" height=\"720\" src=\"http:\/\/agustinbasilio.mx\/wp-content\/uploads\/2021\/10\/IMG_20180502_101100.jpg\" alt=\"\" class=\"wp-image-693\" srcset=\"https:\/\/agustinbasilio.mx\/wp-content\/uploads\/2021\/10\/IMG_20180502_101100.jpg 540w, https:\/\/agustinbasilio.mx\/wp-content\/uploads\/2021\/10\/IMG_20180502_101100-225x300.jpg 225w\" sizes=\"auto, (max-width: 540px) 100vw, 540px\" \/><\/figure><\/div>\n","protected":false},"excerpt":{"rendered":"<p>Agust\u00edn Basilio de la Vega El M\u00e9xico que queremos s\u00ed es posible Da clic aqu\u00ed para m\u00e1s informaci\u00f3n Van 10 soluciones por M\u00e9xico: 1. Una econom\u00eda inclusiva con oportunidades para todas y todos. 2. Justicia social, apoyando a la poblaci\u00f3n en pobreza y vulnerabilidad. 3. Rescatar del olvido a las trabajadoras y trabajadores del campo. &hellip;<\/p>\n<p class=\"read-more\"> <a class=\"\" href=\"https:\/\/agustinbasilio.mx\/\"> <span class=\"screen-reader-text\">Inicio<\/span> Leer m\u00e1s &raquo;<\/a><\/p>\n","protected":false},"author":1,"featured_media":600,"parent":0,"menu_order":0,"comment_status":"closed","ping_status":"closed","template":"","meta":{"om_disable_all_campaigns":false,"_monsterinsights_skip_tracking":false,"_monsterinsights_sitenote_active":false,"_monsterinsights_sitenote_note":"","_monsterinsights_sitenote_category":0,"footnotes":""},"class_list":["post-42","page","type-page","status-publish","has-post-thumbnail","hentry"],"_links":{"self":[{"href":"https:\/\/agustinbasilio.mx\/index.php?rest_route=\/wp\/v2\/pages\/42","targetHints":{"allow":["GET"]}}],"collection":[{"href":"https:\/\/agustinbasilio.mx\/index.php?rest_route=\/wp\/v2\/pages"}],"about":[{"href":"https:\/\/agustinbasilio.mx\/index.php?rest_route=\/wp\/v2\/types\/page"}],"author":[{"embeddable":true,"href":"https:\/\/agustinbasilio.mx\/index.php?rest_route=\/wp\/v2\/users\/1"}],"replies":[{"embeddable":true,"href":"https:\/\/agustinbasilio.mx\/index.php?rest_route=%2Fwp%2Fv2%2Fcomments&post=42"}],"version-history":[{"count":66,"href":"https:\/\/agustinbasilio.mx\/index.php?rest_route=\/wp\/v2\/pages\/42\/revisions"}],"predecessor-version":[{"id":702,"href":"https:\/\/agustinbasilio.mx\/index.php?rest_route=\/wp\/v2\/pages\/42\/revisions\/702"}],"wp:featuredmedia":[{"embeddable":true,"href":"https:\/\/agustinbasilio.mx\/index.php?rest_route=\/wp\/v2\/media\/600"}],"wp:attachment":[{"href":"https:\/\/agustinbasilio.mx\/index.php?rest_route=%2Fwp%2Fv2%2Fmedia&parent=42"}],"curies":[{"name":"wp","href":"https:\/\/api.w.org\/{rel}","templated":true}]}}