{"id":11,"date":"2020-10-26T05:01:12","date_gmt":"2020-10-26T05:01:12","guid":{"rendered":"http:\/\/agustinbasilio.mx\/?page_id=11"},"modified":"2021-05-25T15:14:47","modified_gmt":"2021-05-25T15:14:47","slug":"about","status":"publish","type":"page","link":"https:\/\/agustinbasilio.mx\/?page_id=11","title":{"rendered":"Acerca de"},"content":{"rendered":"\n<div class=\"wp-block-group alignfull has-white-background-color has-background\"><div class=\"wp-block-group__inner-container is-layout-flow wp-block-group-is-layout-flow\">\n<div class=\"wp-block-columns are-vertically-aligned-center is-layout-flex wp-container-core-columns-is-layout-9d6595d7 wp-block-columns-is-layout-flex\">\n<div class=\"wp-block-column is-vertically-aligned-center is-layout-flow wp-block-column-is-layout-flow\">\n<figure class=\"wp-block-image size-large\"><img loading=\"lazy\" decoding=\"async\" width=\"638\" height=\"637\" src=\"https:\/\/agustinbasilio.mx\/wp-content\/uploads\/2021\/04\/asd-3.png\" alt=\"\" class=\"wp-image-459\" srcset=\"https:\/\/agustinbasilio.mx\/wp-content\/uploads\/2021\/04\/asd-3.png 638w, https:\/\/agustinbasilio.mx\/wp-content\/uploads\/2021\/04\/asd-3-300x300.png 300w, https:\/\/agustinbasilio.mx\/wp-content\/uploads\/2021\/04\/asd-3-150x150.png 150w\" sizes=\"auto, (max-width: 638px) 100vw, 638px\" \/><\/figure>\n<\/div>\n\n\n\n<div class=\"wp-block-column is-vertically-aligned-center is-layout-flow wp-block-column-is-layout-flow\">\n<h1 class=\"has-text-color wp-block-heading\" style=\"color:#2e008b\">\u00bfQui\u00e9n es?<\/h1>\n<\/div>\n<\/div>\n<\/div><\/div>\n\n\n\n<h2 class=\"has-text-color wp-block-heading\" style=\"color:#2e008b\">Agust\u00edn Basilio de la Vega<\/h2>\n\n\n\n<p class=\"has-text-color has-medium-font-size\" style=\"color:#2e008b\">Nace en Xalapa, Veracruz el 23 de septiembre de 1965. Casado, tiene tres hijos. Es ingeniero civil por la Universidad Veracruzana. Realiz\u00f3 diversos cursos sobre humanismo pol\u00edtico.<\/p>\n\n\n\n<p class=\"has-text-color has-medium-font-size\" style=\"color:#2e008b\">Destacado miembro del partico Acci\u00f3n Nacional de 1988 a la fecha, partido al que ingres\u00f3 desde sus primeros a\u00f1os como ciudadano, convencido de que la participaci\u00f3n en la pol\u00edtica es fundamental para el desarrollo integral de las personas. En Acci\u00f3n Nacional tuvo la oportunidad de fungir como secretario estatal con funciones de presidente y como consejero nacional, en las comisiones de financiamiento p\u00fablico y de vigilancia. Presidi\u00f3 la Fundaci\u00f3n Carlos Castillo Peraza del CDE del PAN de Veracruz de 2015 a 2019. Actualmente se desenvuelve como consejero estatal vitalicio y consejero nacional.<\/p>\n\n\n\n<p class=\"has-text-color has-medium-font-size\" style=\"color:#2e008b\">Fue diputado de la LVII Legislatura del Estado de Veracruz, en la cual coordin\u00f3 a su grupo legislativo. presidi\u00f3 la comisi\u00f3n de Cultura y particip\u00f3 como vocal en las comisiones de Desarrollo Humano y Desarrollo Econ\u00f3mico.<\/p>\n\n\n\n<p class=\"has-text-color has-medium-font-size\" style=\"color:#2e008b\">Estuvo al frente de la Direcci\u00f3n del centro SCT del Estado de Veracruz de abril de 2003 a noviembre de 2012. Durante su gesti\u00f3n se construyeron las obras que fueron necesarias para la reconstrucci\u00f3n de la infraestructura carretera a causa de las afectaciones por los huracanes Carl y Mathew. Se construy\u00f3 la autopista Las Choapas-Ocosocuautla en el sur del Estado, la autopista Totomoxtle-Tihuatl\u00e1n en el norte, el entronque de la M\u00e9xico-Tuxpan, la modernizaci\u00f3n del circuito trans\u00edsmico, el acceso al recinto portuario del puerto de Veracruz, el Libramiento de Perote entre otros tramos carreteros y la obra m\u00e1s desafiante de aquellos a\u00f1os, el Libramiento de Xalapa entre otras muchas obras.<\/p>\n\n\n\n<p class=\"has-text-color has-medium-font-size\" style=\"color:#2e008b\">Inicia su trayectoria profesional a los veinticuatro a\u00f1os, fundando la empresa Ingenier\u00eda del Golfo de M\u00e9xico S.A. de C.V. Desde la iniciativa privada participa en la planeaci\u00f3n, construcci\u00f3n, supervisi\u00f3n y control de calidad de diversas obras civiles de la regi\u00f3n de Xalapa.<\/p>\n\n\n\n<p class=\"has-text-color has-medium-font-size\" style=\"color:#2e008b\">Dentro del \u00e1mbito acad\u00e9mico, es presidente del patronato y representante legal del Instituto Francisco Xavier Alegre desde 1990 a la fecha.&nbsp; Se desempe\u00f1a como docente de la experiencia educativa \u201cPlaneaci\u00f3n de obras civiles\u201d en la Facultad de Ingenier\u00eda Civil de la Universidad Veracruzana campus Xalapa desde 2013. &nbsp;<\/p>\n\n\n\n<p class=\"has-text-color has-medium-font-size\" style=\"color:#2e008b\">Basilio de la Vega ha sido tambi\u00e9n editorialista en medios como el Diario de Xalapa y comentarista &nbsp;en diversos medios informativos. <\/p>\n","protected":false},"excerpt":{"rendered":"<p>\u00bfQui\u00e9n es? Agust\u00edn Basilio de la Vega Nace en Xalapa, Veracruz el 23 de septiembre de 1965. Casado, tiene tres hijos. Es ingeniero civil por la Universidad Veracruzana. Realiz\u00f3 diversos cursos sobre humanismo pol\u00edtico. Destacado miembro del partico Acci\u00f3n Nacional de 1988 a la fecha, partido al que ingres\u00f3 desde sus primeros a\u00f1os como ciudadano, &hellip;<\/p>\n<p class=\"read-more\"> <a class=\"\" href=\"https:\/\/agustinbasilio.mx\/?page_id=11\"> <span class=\"screen-reader-text\">Acerca de<\/span> Leer m\u00e1s &raquo;<\/a><\/p>\n","protected":false},"author":1,"featured_media":0,"parent":0,"menu_order":0,"comment_status":"closed","ping_status":"closed","template":"","meta":{"om_disable_all_campaigns":false,"_monsterinsights_skip_tracking":false,"_monsterinsights_sitenote_active":false,"_monsterinsights_sitenote_note":"","_monsterinsights_sitenote_category":0,"footnotes":""},"class_list":["post-11","page","type-page","status-publish","hentry"],"_links":{"self":[{"href":"https:\/\/agustinbasilio.mx\/index.php?rest_route=\/wp\/v2\/pages\/11","targetHints":{"allow":["GET"]}}],"collection":[{"href":"https:\/\/agustinbasilio.mx\/index.php?rest_route=\/wp\/v2\/pages"}],"about":[{"href":"https:\/\/agustinbasilio.mx\/index.php?rest_route=\/wp\/v2\/types\/page"}],"author":[{"embeddable":true,"href":"https:\/\/agustinbasilio.mx\/index.php?rest_route=\/wp\/v2\/users\/1"}],"replies":[{"embeddable":true,"href":"https:\/\/agustinbasilio.mx\/index.php?rest_route=%2Fwp%2Fv2%2Fcomments&post=11"}],"version-history":[{"count":9,"href":"https:\/\/agustinbasilio.mx\/index.php?rest_route=\/wp\/v2\/pages\/11\/revisions"}],"predecessor-version":[{"id":672,"href":"https:\/\/agustinbasilio.mx\/index.php?rest_route=\/wp\/v2\/pages\/11\/revisions\/672"}],"wp:attachment":[{"href":"https:\/\/agustinbasilio.mx\/index.php?rest_route=%2Fwp%2Fv2%2Fmedia&parent=11"}],"curies":[{"name":"wp","href":"https:\/\/api.w.org\/{rel}","templated":true}]}}